{"id":2895,"date":"2018-04-17T18:40:57","date_gmt":"2018-04-17T16:40:57","guid":{"rendered":"https:\/\/www.zurbrueggen.de\/magazin\/?page_id=2895"},"modified":"2018-09-05T11:06:31","modified_gmt":"2018-09-05T09:06:31","slug":"hersteller","status":"publish","type":"page","link":"https:\/\/www.zurbrueggen.de\/magazin\/portraits-interviews\/hersteller\/","title":{"rendered":"Hersteller"},"content":{"rendered":"<h1 style=\"text-align: center;\">Angesagte Marken im Portrait<\/h1>\n<style type=\"text\/css\" scoped>.roboGalleryLoaderSpinner{\r\n\tmargin: 50px auto;\r\n\twidth: 50px;\r\n\theight: 40px;\r\n\ttext-align: center;\r\n\tfont-size: 10px;\r\n}\r\n.roboGalleryLoaderSpinner > div{\r\n  background-color: #333;\r\n  height: 100%;\r\n  width: 6px;\r\n  display: inline-block;\r\n\r\n  -webkit-animation: roboGalleryLoader-stretchdelay 1.2s infinite ease-in-out;\r\n  animation: roboGalleryLoader-stretchdelay 1.2s infinite ease-in-out;\r\n}\r\n.roboGalleryLoaderSpinner .roboGalleryLoaderRect2 {\r\n  -webkit-animation-delay: -1.1s;\r\n  animation-delay: -1.1s;\r\n}\r\n.roboGalleryLoaderSpinner .roboGalleryLoaderRect3 {\r\n  -webkit-animation-delay: -1.0s;\r\n  animation-delay: -1.0s;\r\n}\r\n.roboGalleryLoaderSpinner .roboGalleryLoaderRect4 {\r\n  -webkit-animation-delay: -0.9s;\r\n  animation-delay: -0.9s;\r\n}\r\n.roboGalleryLoaderSpinner .roboGalleryLoaderRect5 {\r\n  -webkit-animation-delay: -0.8s;\r\n  animation-delay: -0.8s;\r\n}\r\n@-webkit-keyframes roboGalleryLoader-stretchdelay {\r\n  0%, 40%, 100% { -webkit-transform: scaleY(0.4) }  \r\n  20% { -webkit-transform: scaleY(1.0) }\r\n}\r\n@keyframes roboGalleryLoader-stretchdelay {\r\n  0%, 40%, 100% { \r\n    transform: scaleY(0.4);\r\n    -webkit-transform: scaleY(0.4);\r\n  }  20% { \r\n    transform: scaleY(1.0);\r\n    -webkit-transform: scaleY(1.0);\r\n  }\r\n}<\/style><div id=\"robo_gallery_loading_rbs_gallery_69eba2995ccce\" class=\"roboGalleryLoaderSpinner\"><div class=\"roboGalleryLoaderRect1\"><\/div> <div class=\"roboGalleryLoaderRect2\"><\/div> <div class=\"roboGalleryLoaderRect3\"><\/div> <div class=\"roboGalleryLoaderRect4\"><\/div> <div class=\"roboGalleryLoaderRect5\"><\/div><\/div><div id=\"robo_gallery_main_block_rbs_gallery_69eba2995ccce\" style=\"width:100%;margin: 0 auto;padding-left:20px;padding-top:30px;  display: none;\"><div>                                                                                    <\/div><div id=\"rbs_gallery_69eba2995ccce\" data-options=\"rbs_gallery_69eba2995ccce\" style=\"width:100%;\" class=\"robo_gallery\"><div class=\"rbs-img category2872 \"  data-columns=\"1\" ><div class=\"rbs-img-image \"   ><div data-thumbnail=\"https:\/\/www.zurbrueggen.de\/magazin\/wp-content\/uploads\/2018\/04\/magazin-kachel-now-by-huelsta-1024x1024.jpg\" title=\"now! by H\u00fclsta\" data-width=\"665\" data-height=\"665\" ><\/div><div data-popup=\"https:\/\/www.zurbrueggen.de\/magazin\/wp-content\/uploads\/2018\/04\/magazin-kachel-now-by-huelsta.jpg\" data-alt=\"now! by H\u00fclsta\" title=\"now! by H\u00fclsta\" ><\/div><div class=\"thumbnail-overlay\">                                                                                      <div class=\"rbs-hover-title\"><h2>now! by H\u00fclsta<\/h2> \u2013 Schlankes Design, klare Linien und jede Menge Gestaltungsfreiraum<\/div>\r\n<div class=\"rbs-hover-more\"><a href=\"https:\/\/www.zurbrueggen.de\/magazin\/now-by-huelsta\/\">Mehr...<\/a><\/div>\r\n<\/div><\/div><\/div><div class=\"rbs-img category2872 \"  data-columns=\"1\" ><div class=\"rbs-img-image \"   ><div data-thumbnail=\"https:\/\/www.zurbrueggen.de\/magazin\/wp-content\/uploads\/2018\/04\/kachel-magazin-villeroy-boch-1024x1024.jpg\" title=\"Villeroy &amp; Boch\" data-width=\"665\" data-height=\"665\" ><\/div><div data-popup=\"https:\/\/www.zurbrueggen.de\/magazin\/wp-content\/uploads\/2018\/04\/kachel-magazin-villeroy-boch.jpg\" data-alt=\"Villeroy &amp; Boch\" title=\"Villeroy &amp; Boch\" ><\/div><div class=\"thumbnail-overlay\">                                                                                      <div class=\"rbs-hover-title\"><h2>Villeroy & Boch<\/h2> \u2013 Vom Steinzeugproduzenten zur Lifestyle-Marke<\/div>\r\n<div class=\"rbs-hover-more\"><a href=\"https:\/\/www.zurbrueggen.de\/magazin\/villeroy-boch-vom-steinzeugproduzenten-zur-lifestyle-marke\/\">Mehr...<\/a><\/div>\r\n<\/div><\/div><\/div><div class=\"rbs-img category2872 \"  data-columns=\"1\" ><div class=\"rbs-img-image \"   ><div data-thumbnail=\"https:\/\/www.zurbrueggen.de\/magazin\/wp-content\/uploads\/2018\/04\/kachel-magazin-freistil-benz-1024x1024.jpg\" title=\"freistil ROLF BENZ\" data-width=\"665\" data-height=\"665\" ><\/div><div data-popup=\"https:\/\/www.zurbrueggen.de\/magazin\/wp-content\/uploads\/2018\/04\/kachel-magazin-freistil-benz.jpg\" data-alt=\"freistil ROLF BENZ\" title=\"freistil ROLF BENZ\" ><\/div><div class=\"thumbnail-overlay\">                                                                                      <div class=\"rbs-hover-title\"><h2>freistil ROLF BENZ<\/h2> \u2013 Durchdachte Designerm\u00f6bel mit Funktion und Charme<\/div>\r\n<div class=\"rbs-hover-more\"><a href=\"https:\/\/www.zurbrueggen.de\/magazin\/freistil-rolf-benz\/\">Mehr...<\/a><\/div>\r\n<\/div><\/div><\/div><div class=\"rbs-img category2872 \"  data-columns=\"1\" ><div class=\"rbs-img-image \"   ><div data-thumbnail=\"https:\/\/www.zurbrueggen.de\/magazin\/wp-content\/uploads\/2018\/04\/kachel-magazin-koinor-1024x1024.jpg\" title=\"Koinor \u2013 Entspannungsliegen und Relaxm\u00f6bel\" data-width=\"665\" data-height=\"665\" ><\/div><div data-popup=\"https:\/\/www.zurbrueggen.de\/magazin\/wp-content\/uploads\/2018\/04\/kachel-magazin-koinor.jpg\" data-alt=\"Koinor \u2013 Entspannungsliegen und Relaxm\u00f6bel\" title=\"Koinor \u2013 Entspannungsliegen und Relaxm\u00f6bel\" ><\/div><div class=\"thumbnail-overlay\">                                                                                      <div class=\"rbs-hover-title\"><h2>Koinor \u2013 Entspannungsliegen und Relaxm\u00f6bel<\/h2> \u2013 Wohlf\u00fchloasen f\u00fcr K\u00f6rper und Geist<\/div>\r\n<div class=\"rbs-hover-more\"><a href=\"https:\/\/www.zurbrueggen.de\/magazin\/entspannungsliegen-und-relaxmoebel\/\">Mehr...<\/a><\/div>\r\n<\/div><\/div><\/div><\/div><div>                                                                                    <\/div><\/div><script>var rbs_gallery_69eba2995ccce = {\"filterContainer\": \"#rbs_gallery_69eba2995cccefilter\", \"loadingContainer\": \"#robo_gallery_loading_rbs_gallery_69eba2995ccce\", \"mainContainer\": \"#robo_gallery_main_block_rbs_gallery_69eba2995ccce\", \"touch\": 1, \"lightboxOptions\": { gallery: { enabled: true, tCounter: \"%curr% of %total%\" } }, \"columns\": 3, \"columnWidth\": \"auto\", \"resolutions\": [{\"columnWidth\": \"auto\" , \"columns\":3 , \"maxWidth\": 960} , {\"columnWidth\": \"auto\" , \"columns\":3 , \"maxWidth\": 650} , {\"columnWidth\": \"auto\" , \"columns\":2 , \"maxWidth\": 450}], \"overlayEffect\": \"reveal-top-100%\", \"boxesToLoadStart\": 12, \"boxesToLoad\": 8, \"lazyLoad\": false, \"waitUntilThumbLoads\": true, \"waitForAllThumbsNoMatterWhat\": false, \"deepLinking\": false, \"LoadingWord\": \"Loading...\", \"loadMoreWord\": \"Load More\", \"loadMoreClass\": \"button-border-caution \", \"noMoreEntriesWord\": \"No More Entries\", \"horizontalSpaceBetweenBoxes\": 15, \"verticalSpaceBetweenBoxes\": 15, \"noHoverOnMobile\": \"false\"}, rbs_gallery_69eba2995ccce_css = \"body .mfp-ready.mfp-bg{background-color: rgba(11, 11, 11, 0.8);}#rbs_gallery_69eba2995ccce .rbs-img-container{ -webkit-border-radius: 0px; -moz-border-radius: 0px; border-radius: 0px;}#rbs_gallery_69eba2995ccce .rbsTitle{ font-size:12px; line-height:100%; color:rgb(255, 255, 255); font-weight:bold;}#rbs_gallery_69eba2995ccce .rbsTitle:hover{color:rgb(255, 255, 255);}#rbs_gallery_69eba2995ccce .thumbnail-overlay{background:rgb(191, 0, 0);}#rbs_gallery_69eba2995ccce .rbsZoomIcon{ font-size:16px; line-height:100%; color:rgb(255, 255, 255);background:rgb(13, 130, 241);border:2px solid rgb(255, 255, 255);}#rbs_gallery_69eba2995ccce .rbsZoomIcon:hover{color:rgb(255, 255, 255);border:2px solid rgb(255, 255, 255);background:rgb(6, 70, 130);}#rbs_gallery_69eba2995ccce .image-with-dimensions{background-color: rgb(255, 255, 255);}body .mfp-title, body .mfp-counter{color: rgb(243, 243, 243);}\",roboGalleryDelay = 0; head = document.head || document.getElementsByTagName(\"head\")[0], style = document.createElement(\"style\"); style.type = \"text\/css\"; if (style.styleSheet) style.styleSheet.cssText = rbs_gallery_69eba2995ccce_css; \telse  style.appendChild(document.createTextNode(rbs_gallery_69eba2995ccce_css)); head.appendChild(style);<\/script>\n<p>&nbsp;<\/p>\n<p>&nbsp;<\/p>\n","protected":false},"excerpt":{"rendered":"<p>Angesagte Marken im Portrait &nbsp; &nbsp;<\/p>\n","protected":false},"author":20,"featured_media":0,"parent":2892,"menu_order":0,"comment_status":"closed","ping_status":"closed","template":"","meta":{"_acf_changed":false,"footnotes":""},"class_list":["post-2895","page","type-page","status-publish","hentry"],"acf":[],"yoast_head":"<!-- This site is optimized with the Yoast SEO plugin v27.4 - https:\/\/yoast.com\/product\/yoast-seo-wordpress\/ -->\n<title>Hersteller \u2013 Zurbr\u00fcggen \u00bbmagazin\u00ab<\/title>\n<meta name=\"description\" content=\"Angesagte Marken im Portrait: \u2022 Villeroy &amp; Boch \u2022 freistil ROLF BENZ \u2022 Koinor \u2013 Entspannungsliegen und Relaxm\u00f6bel\" \/>\n<meta name=\"robots\" content=\"index, follow, max-snippet:-1, max-image-preview:large, max-video-preview:-1\" \/>\n<link rel=\"canonical\" href=\"https:\/\/www.zurbrueggen.de\/magazin\/portraits-interviews\/hersteller\/\" \/>\n<meta property=\"og:locale\" content=\"de_DE\" \/>\n<meta property=\"og:type\" content=\"article\" \/>\n<meta property=\"og:title\" content=\"Hersteller \u2013 Zurbr\u00fcggen \u00bbmagazin\u00ab\" \/>\n<meta property=\"og:description\" content=\"Angesagte Marken im Portrait: \u2022 Villeroy &amp; Boch \u2022 freistil ROLF BENZ \u2022 Koinor \u2013 Entspannungsliegen und Relaxm\u00f6bel\" \/>\n<meta property=\"og:url\" content=\"https:\/\/www.zurbrueggen.de\/magazin\/portraits-interviews\/hersteller\/\" \/>\n<meta property=\"og:site_name\" content=\"Zurbr\u00fcggen magazin\" \/>\n<meta property=\"article:publisher\" content=\"https:\/\/facebook.com\/zurbrueggen\" \/>\n<meta property=\"article:modified_time\" content=\"2018-09-05T09:06:31+00:00\" \/>\n<script type=\"application\/ld+json\" class=\"yoast-schema-graph\">{\"@context\":\"https:\\\/\\\/schema.org\",\"@graph\":[{\"@type\":\"WebPage\",\"@id\":\"https:\\\/\\\/www.zurbrueggen.de\\\/magazin\\\/portraits-interviews\\\/hersteller\\\/\",\"url\":\"https:\\\/\\\/www.zurbrueggen.de\\\/magazin\\\/portraits-interviews\\\/hersteller\\\/\",\"name\":\"Hersteller \u2013 Zurbr\u00fcggen \u00bbmagazin\u00ab\",\"isPartOf\":{\"@id\":\"https:\\\/\\\/www.zurbrueggen.de\\\/magazin\\\/#website\"},\"datePublished\":\"2018-04-17T16:40:57+00:00\",\"dateModified\":\"2018-09-05T09:06:31+00:00\",\"description\":\"Angesagte Marken im Portrait: \u2022 Villeroy & Boch \u2022 freistil ROLF BENZ \u2022 Koinor \u2013 Entspannungsliegen und Relaxm\u00f6bel\",\"breadcrumb\":{\"@id\":\"https:\\\/\\\/www.zurbrueggen.de\\\/magazin\\\/portraits-interviews\\\/hersteller\\\/#breadcrumb\"},\"inLanguage\":\"de\",\"potentialAction\":[{\"@type\":\"ReadAction\",\"target\":[\"https:\\\/\\\/www.zurbrueggen.de\\\/magazin\\\/portraits-interviews\\\/hersteller\\\/\"]}]},{\"@type\":\"BreadcrumbList\",\"@id\":\"https:\\\/\\\/www.zurbrueggen.de\\\/magazin\\\/portraits-interviews\\\/hersteller\\\/#breadcrumb\",\"itemListElement\":[{\"@type\":\"ListItem\",\"position\":1,\"name\":\"Startseite\",\"item\":\"https:\\\/\\\/www.zurbrueggen.de\\\/magazin\\\/\"},{\"@type\":\"ListItem\",\"position\":2,\"name\":\"Portraits &#038; Interviews\",\"item\":\"https:\\\/\\\/www.zurbrueggen.de\\\/magazin\\\/portraits-interviews\\\/\"},{\"@type\":\"ListItem\",\"position\":3,\"name\":\"Hersteller\"}]},{\"@type\":\"WebSite\",\"@id\":\"https:\\\/\\\/www.zurbrueggen.de\\\/magazin\\\/#website\",\"url\":\"https:\\\/\\\/www.zurbrueggen.de\\\/magazin\\\/\",\"name\":\"Zurbr\u00fcggen magazin\",\"description\":\"DESIGN \u2022 STYLE \u2022 LIVING\",\"publisher\":{\"@id\":\"https:\\\/\\\/www.zurbrueggen.de\\\/magazin\\\/#organization\"},\"potentialAction\":[{\"@type\":\"SearchAction\",\"target\":{\"@type\":\"EntryPoint\",\"urlTemplate\":\"https:\\\/\\\/www.zurbrueggen.de\\\/magazin\\\/?s={search_term_string}\"},\"query-input\":{\"@type\":\"PropertyValueSpecification\",\"valueRequired\":true,\"valueName\":\"search_term_string\"}}],\"inLanguage\":\"de\"},{\"@type\":\"Organization\",\"@id\":\"https:\\\/\\\/www.zurbrueggen.de\\\/magazin\\\/#organization\",\"name\":\"Zurbr\u00fcggen Wohn-Zentrum GmbH\",\"url\":\"https:\\\/\\\/www.zurbrueggen.de\\\/magazin\\\/\",\"logo\":{\"@type\":\"ImageObject\",\"inLanguage\":\"de\",\"@id\":\"https:\\\/\\\/www.zurbrueggen.de\\\/magazin\\\/#\\\/schema\\\/logo\\\/image\\\/\",\"url\":\"https:\\\/\\\/www.zurbrueggen.de\\\/magazin\\\/wp-content\\\/uploads\\\/2016\\\/07\\\/logo_zurbrueggen.png\",\"contentUrl\":\"https:\\\/\\\/www.zurbrueggen.de\\\/magazin\\\/wp-content\\\/uploads\\\/2016\\\/07\\\/logo_zurbrueggen.png\",\"width\":400,\"height\":107,\"caption\":\"Zurbr\u00fcggen Wohn-Zentrum GmbH\"},\"image\":{\"@id\":\"https:\\\/\\\/www.zurbrueggen.de\\\/magazin\\\/#\\\/schema\\\/logo\\\/image\\\/\"},\"sameAs\":[\"https:\\\/\\\/facebook.com\\\/zurbrueggen\",\"https:\\\/\\\/x.com\\\/Zurbrueggen\"]}]}<\/script>\n<!-- \/ Yoast SEO plugin. -->","yoast_head_json":{"title":"Hersteller \u2013 Zurbr\u00fcggen \u00bbmagazin\u00ab","description":"Angesagte Marken im Portrait: \u2022 Villeroy & Boch \u2022 freistil ROLF BENZ \u2022 Koinor \u2013 Entspannungsliegen und Relaxm\u00f6bel","robots":{"index":"index","follow":"follow","max-snippet":"max-snippet:-1","max-image-preview":"max-image-preview:large","max-video-preview":"max-video-preview:-1"},"canonical":"https:\/\/www.zurbrueggen.de\/magazin\/portraits-interviews\/hersteller\/","og_locale":"de_DE","og_type":"article","og_title":"Hersteller \u2013 Zurbr\u00fcggen \u00bbmagazin\u00ab","og_description":"Angesagte Marken im Portrait: \u2022 Villeroy & Boch \u2022 freistil ROLF BENZ \u2022 Koinor \u2013 Entspannungsliegen und Relaxm\u00f6bel","og_url":"https:\/\/www.zurbrueggen.de\/magazin\/portraits-interviews\/hersteller\/","og_site_name":"Zurbr\u00fcggen magazin","article_publisher":"https:\/\/facebook.com\/zurbrueggen","article_modified_time":"2018-09-05T09:06:31+00:00","schema":{"@context":"https:\/\/schema.org","@graph":[{"@type":"WebPage","@id":"https:\/\/www.zurbrueggen.de\/magazin\/portraits-interviews\/hersteller\/","url":"https:\/\/www.zurbrueggen.de\/magazin\/portraits-interviews\/hersteller\/","name":"Hersteller \u2013 Zurbr\u00fcggen \u00bbmagazin\u00ab","isPartOf":{"@id":"https:\/\/www.zurbrueggen.de\/magazin\/#website"},"datePublished":"2018-04-17T16:40:57+00:00","dateModified":"2018-09-05T09:06:31+00:00","description":"Angesagte Marken im Portrait: \u2022 Villeroy & Boch \u2022 freistil ROLF BENZ \u2022 Koinor \u2013 Entspannungsliegen und Relaxm\u00f6bel","breadcrumb":{"@id":"https:\/\/www.zurbrueggen.de\/magazin\/portraits-interviews\/hersteller\/#breadcrumb"},"inLanguage":"de","potentialAction":[{"@type":"ReadAction","target":["https:\/\/www.zurbrueggen.de\/magazin\/portraits-interviews\/hersteller\/"]}]},{"@type":"BreadcrumbList","@id":"https:\/\/www.zurbrueggen.de\/magazin\/portraits-interviews\/hersteller\/#breadcrumb","itemListElement":[{"@type":"ListItem","position":1,"name":"Startseite","item":"https:\/\/www.zurbrueggen.de\/magazin\/"},{"@type":"ListItem","position":2,"name":"Portraits &#038; Interviews","item":"https:\/\/www.zurbrueggen.de\/magazin\/portraits-interviews\/"},{"@type":"ListItem","position":3,"name":"Hersteller"}]},{"@type":"WebSite","@id":"https:\/\/www.zurbrueggen.de\/magazin\/#website","url":"https:\/\/www.zurbrueggen.de\/magazin\/","name":"Zurbr\u00fcggen magazin","description":"DESIGN \u2022 STYLE \u2022 LIVING","publisher":{"@id":"https:\/\/www.zurbrueggen.de\/magazin\/#organization"},"potentialAction":[{"@type":"SearchAction","target":{"@type":"EntryPoint","urlTemplate":"https:\/\/www.zurbrueggen.de\/magazin\/?s={search_term_string}"},"query-input":{"@type":"PropertyValueSpecification","valueRequired":true,"valueName":"search_term_string"}}],"inLanguage":"de"},{"@type":"Organization","@id":"https:\/\/www.zurbrueggen.de\/magazin\/#organization","name":"Zurbr\u00fcggen Wohn-Zentrum GmbH","url":"https:\/\/www.zurbrueggen.de\/magazin\/","logo":{"@type":"ImageObject","inLanguage":"de","@id":"https:\/\/www.zurbrueggen.de\/magazin\/#\/schema\/logo\/image\/","url":"https:\/\/www.zurbrueggen.de\/magazin\/wp-content\/uploads\/2016\/07\/logo_zurbrueggen.png","contentUrl":"https:\/\/www.zurbrueggen.de\/magazin\/wp-content\/uploads\/2016\/07\/logo_zurbrueggen.png","width":400,"height":107,"caption":"Zurbr\u00fcggen Wohn-Zentrum GmbH"},"image":{"@id":"https:\/\/www.zurbrueggen.de\/magazin\/#\/schema\/logo\/image\/"},"sameAs":["https:\/\/facebook.com\/zurbrueggen","https:\/\/x.com\/Zurbrueggen"]}]}},"_links":{"self":[{"href":"https:\/\/www.zurbrueggen.de\/magazin\/wp-json\/wp\/v2\/pages\/2895","targetHints":{"allow":["GET"]}}],"collection":[{"href":"https:\/\/www.zurbrueggen.de\/magazin\/wp-json\/wp\/v2\/pages"}],"about":[{"href":"https:\/\/www.zurbrueggen.de\/magazin\/wp-json\/wp\/v2\/types\/page"}],"author":[{"embeddable":true,"href":"https:\/\/www.zurbrueggen.de\/magazin\/wp-json\/wp\/v2\/users\/20"}],"replies":[{"embeddable":true,"href":"https:\/\/www.zurbrueggen.de\/magazin\/wp-json\/wp\/v2\/comments?post=2895"}],"version-history":[{"count":2,"href":"https:\/\/www.zurbrueggen.de\/magazin\/wp-json\/wp\/v2\/pages\/2895\/revisions"}],"predecessor-version":[{"id":3394,"href":"https:\/\/www.zurbrueggen.de\/magazin\/wp-json\/wp\/v2\/pages\/2895\/revisions\/3394"}],"up":[{"embeddable":true,"href":"https:\/\/www.zurbrueggen.de\/magazin\/wp-json\/wp\/v2\/pages\/2892"}],"wp:attachment":[{"href":"https:\/\/www.zurbrueggen.de\/magazin\/wp-json\/wp\/v2\/media?parent=2895"}],"curies":[{"name":"wp","href":"https:\/\/api.w.org\/{rel}","templated":true}]}}