{"id":2474,"date":"2018-02-05T09:12:28","date_gmt":"2018-02-05T08:12:28","guid":{"rendered":"https:\/\/www.zurbrueggen.de\/magazin\/?page_id=2474"},"modified":"2018-04-18T12:22:38","modified_gmt":"2018-04-18T10:22:38","slug":"wohnzimmer","status":"publish","type":"page","link":"https:\/\/www.zurbrueggen.de\/magazin\/wohnwelten\/wohnzimmer\/","title":{"rendered":"Wohn- &#038; Esszimmer"},"content":{"rendered":"<h1 style=\"text-align: center;\">Ideen zum Einrichten und Gestalten von Wohn- und Esszimmer<\/h1>\n<style type=\"text\/css\" scoped>.roboGalleryLoaderSpinner{\r\n\tmargin: 50px auto;\r\n\twidth: 50px;\r\n\theight: 40px;\r\n\ttext-align: center;\r\n\tfont-size: 10px;\r\n}\r\n.roboGalleryLoaderSpinner > div{\r\n  background-color: #333;\r\n  height: 100%;\r\n  width: 6px;\r\n  display: inline-block;\r\n\r\n  -webkit-animation: roboGalleryLoader-stretchdelay 1.2s infinite ease-in-out;\r\n  animation: roboGalleryLoader-stretchdelay 1.2s infinite ease-in-out;\r\n}\r\n.roboGalleryLoaderSpinner .roboGalleryLoaderRect2 {\r\n  -webkit-animation-delay: -1.1s;\r\n  animation-delay: -1.1s;\r\n}\r\n.roboGalleryLoaderSpinner .roboGalleryLoaderRect3 {\r\n  -webkit-animation-delay: -1.0s;\r\n  animation-delay: -1.0s;\r\n}\r\n.roboGalleryLoaderSpinner .roboGalleryLoaderRect4 {\r\n  -webkit-animation-delay: -0.9s;\r\n  animation-delay: -0.9s;\r\n}\r\n.roboGalleryLoaderSpinner .roboGalleryLoaderRect5 {\r\n  -webkit-animation-delay: -0.8s;\r\n  animation-delay: -0.8s;\r\n}\r\n@-webkit-keyframes roboGalleryLoader-stretchdelay {\r\n  0%, 40%, 100% { -webkit-transform: scaleY(0.4) }  \r\n  20% { -webkit-transform: scaleY(1.0) }\r\n}\r\n@keyframes roboGalleryLoader-stretchdelay {\r\n  0%, 40%, 100% { \r\n    transform: scaleY(0.4);\r\n    -webkit-transform: scaleY(0.4);\r\n  }  20% { \r\n    transform: scaleY(1.0);\r\n    -webkit-transform: scaleY(1.0);\r\n  }\r\n}<\/style><div id=\"robo_gallery_loading_rbs_gallery_69d3712515c10\" class=\"roboGalleryLoaderSpinner\"><div class=\"roboGalleryLoaderRect1\"><\/div> <div class=\"roboGalleryLoaderRect2\"><\/div> <div class=\"roboGalleryLoaderRect3\"><\/div> <div class=\"roboGalleryLoaderRect4\"><\/div> <div class=\"roboGalleryLoaderRect5\"><\/div><\/div><div id=\"robo_gallery_main_block_rbs_gallery_69d3712515c10\" style=\"width:100%;margin: 0 auto;padding-left:20px;padding-top:30px;  display: none;\"><div>                                                                                    <\/div><div id=\"rbs_gallery_69d3712515c10\" data-options=\"rbs_gallery_69d3712515c10\" style=\"width:100%;\" class=\"robo_gallery\"><div class=\"rbs-img category2477 \"  data-columns=\"1\" ><div class=\"rbs-img-image \"   ><div data-thumbnail=\"https:\/\/www.zurbrueggen.de\/magazin\/wp-content\/uploads\/2022\/10\/magazin-kachel-kuschlig-in-den-herbst-1024x1024.jpg\" title=\"Herbstzeit Kuschelzeit\" data-width=\"665\" data-height=\"665\" ><\/div><div data-popup=\"https:\/\/www.zurbrueggen.de\/magazin\/wp-content\/uploads\/2022\/10\/magazin-kachel-kuschlig-in-den-herbst.jpg\" data-alt=\"Herbstzeit Kuschelzeit\" title=\"Herbstzeit Kuschelzeit\" ><\/div><div class=\"thumbnail-overlay\">                                                                                      <div class=\"rbs-hover-title\"><h2>Herbstzeit Kuschelzeit<\/h2> \u2013 Herbstzeit ist Kuschelzeit<\/div>\r\n<div class=\"rbs-hover-more\"><a href=\"https:\/\/www.zurbrueggen.de\/magazin\/kuschlig-in-den-herbst\/\">Mehr...<\/a><\/div>\r\n<\/div><\/div><\/div><div class=\"rbs-img category2477 \"  data-columns=\"1\" ><div class=\"rbs-img-image \"   ><div data-thumbnail=\"https:\/\/www.zurbrueggen.de\/magazin\/wp-content\/uploads\/2018\/01\/89b73943-1307-4f6a-9dd1-a39243eef130-1024x1024.jpg\" title=\"Geschmackvoll dinieren\" data-width=\"665\" data-height=\"665\" ><\/div><div data-popup=\"https:\/\/www.zurbrueggen.de\/magazin\/wp-content\/uploads\/2018\/01\/89b73943-1307-4f6a-9dd1-a39243eef130.jpg\" data-alt=\"Geschmackvoll dinieren\" title=\"Geschmackvoll dinieren\" ><\/div><div class=\"thumbnail-overlay\">                                                                                      <div class=\"rbs-hover-title\"><h2>Geschmackvoll dinieren<\/h2> \u2013 Geschmackvoll dinieren<\/div>\r\n<div class=\"rbs-hover-more\"><a href=\"https:\/\/www.zurbrueggen.de\/magazin\/geschmackvoll-dinieren\/\">Mehr...<\/a><\/div>\r\n<\/div><\/div><\/div><div class=\"rbs-img category2477 \"  data-columns=\"1\" ><div class=\"rbs-img-image \"   ><div data-thumbnail=\"https:\/\/www.zurbrueggen.de\/magazin\/wp-content\/uploads\/2018\/01\/3ca69ddc-9eee-4073-a1b1-de874b83e63d-1024x1024.jpg\" title=\"Leseecke einrichten\" data-width=\"665\" data-height=\"665\" ><\/div><div data-popup=\"https:\/\/www.zurbrueggen.de\/magazin\/wp-content\/uploads\/2018\/01\/3ca69ddc-9eee-4073-a1b1-de874b83e63d.jpg\" data-alt=\"Leseecke einrichten\" title=\"Leseecke einrichten\" ><\/div><div class=\"thumbnail-overlay\">                                                                                      <div class=\"rbs-hover-title\"><h2>Leseecke einrichten<\/h2> \u2013 Leseecke einrichten<\/div>\r\n<div class=\"rbs-hover-more\"><a href=\"https:\/\/www.zurbrueggen.de\/magazin\/leseecke-einrichten\/\">Mehr...<\/a><\/div>\r\n<\/div><\/div><\/div><div class=\"rbs-img category2477 \"  data-columns=\"1\" ><div class=\"rbs-img-image \"   ><div data-thumbnail=\"https:\/\/www.zurbrueggen.de\/magazin\/wp-content\/uploads\/2018\/02\/magazin-kachel-runde-tische-eyecatcher-1024x1024.jpg\" title=\"Runde Tische als Eyecatcher\" data-width=\"665\" data-height=\"665\" ><\/div><div data-popup=\"https:\/\/www.zurbrueggen.de\/magazin\/wp-content\/uploads\/2018\/02\/magazin-kachel-runde-tische-eyecatcher.jpg\" data-alt=\"Ein modernes Esszimmer mit einem runden Holztisch in der Mitte, umgeben von vier St\u00fchlen mit einer Kombination aus wei\u00dfen und h\u00f6lzernen Elementen. \u00dcber dem Tisch h\u00e4ngt eine gro\u00dfe schwarze Pendelleuchte. Links im Raum befindet sich ein Kamin mit sichtbaren Flammen hinter Glas. Der Boden ist mit einem gro\u00dfen, strukturierten wei\u00dfen Fellteppich bedeckt. Im Hintergrund gibt es ein gro\u00dfes Fenster mit Blick auf das Gr\u00fcn drau\u00dfen, und die Wand rechts ist mit vertikalen Holzpaneelen und zwei abstrakten Wandkunstwerken in Erdt\u00f6nen verziert. Der Text im Bild lautet: \u2018Alles l\u00e4uft rund! Runde Tische als Eyecatcher.\u2019\" title=\"Runde Tische als Eyecatcher\" ><\/div><div class=\"thumbnail-overlay\">                                                                                      <div class=\"rbs-hover-title\"><h2>Runde Tische als Eyecatcher<\/h2> \u2013 Runde Tische als Eyecatcher<\/div>\r\n<div class=\"rbs-hover-more\"><a href=\"https:\/\/www.zurbrueggen.de\/magazin\/rundetische\/\">Mehr...<\/a><\/div>\r\n<\/div><\/div><\/div><div class=\"rbs-img category2477 \"  data-columns=\"1\" ><div class=\"rbs-img-image \"   ><div data-thumbnail=\"https:\/\/www.zurbrueggen.de\/magazin\/wp-content\/uploads\/2022\/06\/magazin-kachel-couchpotato_2-1024x1024.png\" title=\"Couchpotato II\" data-width=\"665\" data-height=\"665\" ><\/div><div data-popup=\"https:\/\/www.zurbrueggen.de\/magazin\/wp-content\/uploads\/2022\/06\/magazin-kachel-couchpotato_2.png\" data-alt=\"Couchpotato II\" title=\"Couchpotato II\" ><\/div><div class=\"thumbnail-overlay\">                                                                                      <div class=\"rbs-hover-title\"><h2>Couchpotato II<\/h2> \u2013 Polsterung, Gestell, Material - was musst du wissen?<\/div>\r\n<div class=\"rbs-hover-more\"><a href=\"https:\/\/www.zurbrueggen.de\/magazin\/couch-potato-innere-werte\/\">Mehr...<\/a><\/div>\r\n<\/div><\/div><\/div><div class=\"rbs-img category2477 \"  data-columns=\"1\" ><div class=\"rbs-img-image \"   ><div data-thumbnail=\"https:\/\/www.zurbrueggen.de\/magazin\/wp-content\/uploads\/2018\/01\/magazin-kachel-couchpotato-1024x1024.png\" title=\"Couchpotato\" data-width=\"665\" data-height=\"665\" ><\/div><div data-popup=\"https:\/\/www.zurbrueggen.de\/magazin\/wp-content\/uploads\/2018\/01\/magazin-kachel-couchpotato.png\" data-alt=\"Couchpotato\" title=\"Couchpotato\" ><\/div><div class=\"thumbnail-overlay\">                                                                                      <div class=\"rbs-hover-title\"><h2>Couchpotato<\/h2> \u2013 Form, Gr\u00f6\u00dfe & Funktion <\/div>\r\n<div class=\"rbs-hover-more\"><a href=\"https:\/\/www.zurbrueggen.de\/magazin\/couchpotato\/\">Mehr...<\/a><\/div>\r\n<\/div><\/div><\/div><div class=\"rbs-img category2477 \"  data-columns=\"1\" ><div class=\"rbs-img-image \"   ><div data-thumbnail=\"https:\/\/www.zurbrueggen.de\/magazin\/wp-content\/uploads\/2018\/02\/magazin-kachel-esstische-jede-runde-1024x1024.png\" title=\"Esstische f\u00fcr jede Runde\" data-width=\"665\" data-height=\"665\" ><\/div><div data-popup=\"https:\/\/www.zurbrueggen.de\/magazin\/wp-content\/uploads\/2018\/02\/magazin-kachel-esstische-jede-runde.png\" data-alt=\"Esstische f\u00fcr jede Runde\" title=\"Esstische f\u00fcr jede Runde\" ><\/div><div class=\"thumbnail-overlay\">                                                                                      <div class=\"rbs-hover-title\"><h2>Esstische f\u00fcr jede Runde<\/h2> \u2013 Endlich wieder zusammenkommen<\/div>\r\n<div class=\"rbs-hover-more\"><a href=\"https:\/\/www.zurbrueggen.de\/magazin\/esstische-fuer-jede-runde\/\">Mehr...<\/a><\/div>\r\n<\/div><\/div><\/div><div class=\"rbs-img category2477 \"  data-columns=\"1\" ><div class=\"rbs-img-image \"   ><div data-thumbnail=\"https:\/\/www.zurbrueggen.de\/magazin\/wp-content\/uploads\/2018\/01\/magazin-kachel-der-perfekte-sessel1-1024x1024.png\" title=\"Der perfekte Sessel\" data-width=\"665\" data-height=\"665\" ><\/div><div data-popup=\"https:\/\/www.zurbrueggen.de\/magazin\/wp-content\/uploads\/2018\/01\/magazin-kachel-der-perfekte-sessel1.png\" data-alt=\"Der perfekte Sessel\" title=\"Der perfekte Sessel\" ><\/div><div class=\"thumbnail-overlay\">                                                                                      <div class=\"rbs-hover-title\"><h2>Der perfekte Sessel<\/h2> \u2013 So finden Sie den richtigen Sessel f\u00fcr jeden Zweck<\/div>\r\n<div class=\"rbs-hover-more\"><a href=\"https:\/\/www.zurbrueggen.de\/magazin\/der-perfekte-sessel\/\">Mehr...<\/a><\/div>\r\n<\/div><\/div><\/div><div class=\"rbs-img category2477 \"  data-columns=\"1\" ><div class=\"rbs-img-image \"   ><div data-thumbnail=\"https:\/\/www.zurbrueggen.de\/magazin\/wp-content\/uploads\/2018\/02\/magazin-kachel-big-sofas-1024x1024.png\" title=\"Big Sofa\" data-width=\"665\" data-height=\"665\" ><\/div><div data-popup=\"https:\/\/www.zurbrueggen.de\/magazin\/wp-content\/uploads\/2018\/02\/magazin-kachel-big-sofas.png\" data-alt=\"Big Sofa\" title=\"Big Sofa\" ><\/div><div class=\"thumbnail-overlay\">                                                                                      <div class=\"rbs-hover-title\"><h2>Big Sofa<\/h2> \u2013 Gem\u00fctlicher wird es nicht<\/div>\r\n<div class=\"rbs-hover-more\"><a href=\"https:\/\/www.zurbrueggen.de\/magazin\/big-sofa\/\">Mehr...<\/a><\/div>\r\n<\/div><\/div><\/div><div class=\"rbs-img category2477 \"  data-columns=\"1\" ><div class=\"rbs-img-image \"   ><div data-thumbnail=\"https:\/\/www.zurbrueggen.de\/magazin\/wp-content\/uploads\/2018\/02\/magazin-kachel-kleine-wohnzimmer-1024x1024.png\" title=\"Kleine Wohnzimmer einrichten\" data-width=\"665\" data-height=\"665\" ><\/div><div data-popup=\"https:\/\/www.zurbrueggen.de\/magazin\/wp-content\/uploads\/2018\/02\/magazin-kachel-kleine-wohnzimmer.png\" data-alt=\"Kleine Wohnzimmer einrichten\" title=\"Kleine Wohnzimmer einrichten\" ><\/div><div class=\"thumbnail-overlay\">                                                                                      <div class=\"rbs-hover-title\"><h2>Kleine Wohnzimmer einrichten<\/h2> \u2013 Die wichtigsten Tipps<\/div>\r\n<div class=\"rbs-hover-more\"><a href=\"https:\/\/www.zurbrueggen.de\/magazin\/kleine-wohnzimmer-einrichten\/\">Mehr...<\/a><\/div>\r\n<\/div><\/div><\/div><div class=\"rbs-img category2477 \"  data-columns=\"1\" ><div class=\"rbs-img-image \"   ><div data-thumbnail=\"https:\/\/www.zurbrueggen.de\/magazin\/wp-content\/uploads\/2018\/02\/magazin-kachel-landhaus-wohnen-speisen-1024x1024.jpg\" title=\"Wohnen &amp; Speisen im Landhausstil\" data-width=\"665\" data-height=\"665\" ><\/div><div data-popup=\"https:\/\/www.zurbrueggen.de\/magazin\/wp-content\/uploads\/2018\/02\/magazin-kachel-landhaus-wohnen-speisen.jpg\" data-alt=\"Wohnen &amp; Speisen im Landhausstil\" title=\"Wohnen &amp; Speisen im Landhausstil\" ><\/div><div class=\"thumbnail-overlay\">                                                                                      <div class=\"rbs-hover-title\"><h2>Wohnen & Speisen im Landhausstil<\/h2> \u2013 Wohnen im Landhausstil<\/div>\r\n<div class=\"rbs-hover-more\"><a href=\"https:\/\/www.zurbrueggen.de\/magazin\/wohnen-speisen-im-landhausstil\/\">Mehr...<\/a><\/div>\r\n<\/div><\/div><\/div><div class=\"rbs-img category2477 \"  data-columns=\"1\" ><div class=\"rbs-img-image \"   ><div data-thumbnail=\"https:\/\/www.zurbrueggen.de\/magazin\/wp-content\/uploads\/2018\/02\/kachel-magazin-beistelltische-mico-1035565-1024x1024.jpg\" title=\"Beistelltische schaffen Ordnung und Atmosph\u00e4re\" data-width=\"665\" data-height=\"665\" ><\/div><div data-popup=\"https:\/\/www.zurbrueggen.de\/magazin\/wp-content\/uploads\/2018\/02\/kachel-magazin-beistelltische-mico-1035565.jpg\" data-alt=\"Beistelltische schaffen Ordnung und Atmosph\u00e4re\" title=\"Beistelltische schaffen Ordnung und Atmosph\u00e4re\" ><\/div><div class=\"thumbnail-overlay\">                                                                                      <div class=\"rbs-hover-title\"><h2>Beistelltische schaffen Ordnung und Atmosph\u00e4re<\/h2> \u2013 Unverzichtbare kleine Allesk\u00f6nner<\/div>\r\n<div class=\"rbs-hover-more\"><a href=\"https:\/\/www.zurbrueggen.de\/magazin\/beistelltische-schaffen-ordnung-und-atmosphaere\/\">Mehr...<\/a><\/div>\r\n<\/div><\/div><\/div><div class=\"rbs-img category2477 \"  data-columns=\"1\" ><div class=\"rbs-img-image \"   ><div data-thumbnail=\"https:\/\/www.zurbrueggen.de\/magazin\/wp-content\/uploads\/2018\/04\/kachel-magazin-materialmix-1024x1024.jpg\" title=\"M\u00f6bel im Materialmix\" data-width=\"665\" data-height=\"665\" ><\/div><div data-popup=\"https:\/\/www.zurbrueggen.de\/magazin\/wp-content\/uploads\/2018\/04\/kachel-magazin-materialmix.jpg\" data-alt=\"M\u00f6bel im Materialmix\" title=\"M\u00f6bel im Materialmix\" ><\/div><div class=\"thumbnail-overlay\">                                                                                      <div class=\"rbs-hover-title\"><h2>M\u00f6bel im Materialmix<\/h2> \u2013 Materialfusionen erweitern den Gestaltungsspielraum<\/div>\r\n<div class=\"rbs-hover-more\"><a href=\"https:\/\/www.zurbrueggen.de\/magazin\/holz-moebel-im-materialmix\/\">Mehr...<\/a><\/div>\r\n<\/div><\/div><\/div><div class=\"rbs-img category2477 \"  data-columns=\"1\" ><div class=\"rbs-img-image \"   ><div data-thumbnail=\"https:\/\/www.zurbrueggen.de\/magazin\/wp-content\/uploads\/2018\/04\/kachel-magazin-naturholzmoebel-1024x1024.jpg\" title=\"Nat\u00fcrlich wohnen\" data-width=\"665\" data-height=\"665\" ><\/div><div data-popup=\"https:\/\/www.zurbrueggen.de\/magazin\/wp-content\/uploads\/2018\/04\/kachel-magazin-naturholzmoebel.jpg\" data-alt=\"Naturholzm\u00f6bel \u2013 zeitlos und voll im Trend\" title=\"Nat\u00fcrlich wohnen\" ><\/div><div class=\"thumbnail-overlay\">                                                                                      <div class=\"rbs-hover-title\"><h2>Nat\u00fcrlich wohnen<\/h2> \u2013 Naturholzm\u00f6bel \u2013 zeitlos und voll im Trend<\/div>\r\n<div class=\"rbs-hover-more\"><a href=\"https:\/\/www.zurbrueggen.de\/magazin\/natuerlich-wohnen\/\">Mehr...<\/a><\/div>\r\n<\/div><\/div><\/div><div class=\"rbs-img category2477 \"  data-columns=\"1\" ><div class=\"rbs-img-image \"   ><div data-thumbnail=\"https:\/\/www.zurbrueggen.de\/magazin\/wp-content\/uploads\/2018\/04\/kachel-magazin-farbe-1024x1024.jpg\" title=\"Mut zur Farbe\" data-width=\"665\" data-height=\"665\" ><\/div><div data-popup=\"https:\/\/www.zurbrueggen.de\/magazin\/wp-content\/uploads\/2018\/04\/kachel-magazin-farbe.jpg\" data-alt=\"Mit der Signalfarbe Rot Akzente setzen\" title=\"Mut zur Farbe\" ><\/div><div class=\"thumbnail-overlay\">                                                                                      <div class=\"rbs-hover-title\"><h2>Mut zur Farbe<\/h2> \u2013 Mit der Signalfarbe Rot Akzente setzen<\/div>\r\n<div class=\"rbs-hover-more\"><a href=\"https:\/\/www.zurbrueggen.de\/magazin\/mut-zur-farbe-mit-der-signalfarbe-rot-akzente-setzen\/\">Mehr...<\/a><\/div>\r\n<\/div><\/div><\/div><div class=\"rbs-img category2477 \"  data-columns=\"1\" ><div class=\"rbs-img-image \"   ><div data-thumbnail=\"https:\/\/www.zurbrueggen.de\/magazin\/wp-content\/uploads\/2018\/04\/kachel-magazin-mittelmeer-1024x1024.jpg\" title=\"Mediterraner Einrichtungsstil\" data-width=\"665\" data-height=\"665\" ><\/div><div data-popup=\"https:\/\/www.zurbrueggen.de\/magazin\/wp-content\/uploads\/2018\/04\/kachel-magazin-mittelmeer.jpg\" data-alt=\"Wohnen wie am Mittelmeer\" title=\"Mediterraner Einrichtungsstil\" ><\/div><div class=\"thumbnail-overlay\">                                                                                      <div class=\"rbs-hover-title\"><h2>Mediterraner Einrichtungsstil<\/h2> \u2013 Wohnen wie am Mittelmeer<\/div>\r\n<div class=\"rbs-hover-more\"><a href=\"https:\/\/www.zurbrueggen.de\/magazin\/wohnen-wie-am-mittelmeer\/\">Mehr...<\/a><\/div>\r\n<\/div><\/div><\/div><\/div><div>                                                                                    <\/div><\/div><script>var rbs_gallery_69d3712515c10 = {\"filterContainer\": \"#rbs_gallery_69d3712515c10filter\", \"loadingContainer\": \"#robo_gallery_loading_rbs_gallery_69d3712515c10\", \"mainContainer\": \"#robo_gallery_main_block_rbs_gallery_69d3712515c10\", \"touch\": 1, \"lightboxOptions\": { gallery: { enabled: true, tCounter: \"%curr% of %total%\" } }, \"columns\": 3, \"columnWidth\": \"auto\", \"resolutions\": [{\"columnWidth\": \"auto\" , \"columns\":3 , \"maxWidth\": 960} , {\"columnWidth\": \"auto\" , \"columns\":3 , \"maxWidth\": 650} , {\"columnWidth\": \"auto\" , \"columns\":2 , \"maxWidth\": 450}], \"overlayEffect\": \"reveal-top-100%\", \"boxesToLoadStart\": 12, \"boxesToLoad\": 8, \"lazyLoad\": false, \"waitUntilThumbLoads\": true, \"waitForAllThumbsNoMatterWhat\": false, \"deepLinking\": false, \"LoadingWord\": \"Loading...\", \"loadMoreWord\": \"Load More\", \"loadMoreClass\": \"button-border-caution \", \"noMoreEntriesWord\": \"No More Entries\", \"horizontalSpaceBetweenBoxes\": 15, \"verticalSpaceBetweenBoxes\": 15, \"noHoverOnMobile\": \"false\"}, rbs_gallery_69d3712515c10_css = \"body .mfp-ready.mfp-bg{background-color: rgba(11, 11, 11, 0.8);}#rbs_gallery_69d3712515c10 .rbs-img-container{ -webkit-border-radius: 0px; -moz-border-radius: 0px; border-radius: 0px;}#rbs_gallery_69d3712515c10 .rbsTitle{ font-size:12px; line-height:100%; color:rgb(255, 255, 255); font-weight:bold;}#rbs_gallery_69d3712515c10 .rbsTitle:hover{color:rgb(255, 255, 255);}#rbs_gallery_69d3712515c10 .thumbnail-overlay{background:rgb(191, 0, 0);}#rbs_gallery_69d3712515c10 .rbsZoomIcon{ font-size:16px; line-height:100%; color:rgb(255, 255, 255);background:rgb(13, 130, 241);border:2px solid rgb(255, 255, 255);}#rbs_gallery_69d3712515c10 .rbsZoomIcon:hover{color:rgb(255, 255, 255);border:2px solid rgb(255, 255, 255);background:rgb(6, 70, 130);}#rbs_gallery_69d3712515c10 .image-with-dimensions{background-color: rgb(255, 255, 255);}body .mfp-title, body .mfp-counter{color: rgb(243, 243, 243);}\",roboGalleryDelay = 0; head = document.head || document.getElementsByTagName(\"head\")[0], style = document.createElement(\"style\"); style.type = \"text\/css\"; if (style.styleSheet) style.styleSheet.cssText = rbs_gallery_69d3712515c10_css; \telse  style.appendChild(document.createTextNode(rbs_gallery_69d3712515c10_css)); head.appendChild(style);<\/script>\n","protected":false},"excerpt":{"rendered":"<p>Ideen zum Einrichten und Gestalten von Wohn- und Esszimmer<\/p>\n","protected":false},"author":25,"featured_media":0,"parent":2813,"menu_order":0,"comment_status":"closed","ping_status":"closed","template":"","meta":{"_acf_changed":false,"footnotes":""},"yst_prominent_words":[],"class_list":["post-2474","page","type-page","status-publish","hentry"],"acf":[],"_links":{"self":[{"href":"https:\/\/www.zurbrueggen.de\/magazin\/wp-json\/wp\/v2\/pages\/2474","targetHints":{"allow":["GET"]}}],"collection":[{"href":"https:\/\/www.zurbrueggen.de\/magazin\/wp-json\/wp\/v2\/pages"}],"about":[{"href":"https:\/\/www.zurbrueggen.de\/magazin\/wp-json\/wp\/v2\/types\/page"}],"author":[{"embeddable":true,"href":"https:\/\/www.zurbrueggen.de\/magazin\/wp-json\/wp\/v2\/users\/25"}],"replies":[{"embeddable":true,"href":"https:\/\/www.zurbrueggen.de\/magazin\/wp-json\/wp\/v2\/comments?post=2474"}],"version-history":[{"count":5,"href":"https:\/\/www.zurbrueggen.de\/magazin\/wp-json\/wp\/v2\/pages\/2474\/revisions"}],"predecessor-version":[{"id":2769,"href":"https:\/\/www.zurbrueggen.de\/magazin\/wp-json\/wp\/v2\/pages\/2474\/revisions\/2769"}],"up":[{"embeddable":true,"href":"https:\/\/www.zurbrueggen.de\/magazin\/wp-json\/wp\/v2\/pages\/2813"}],"wp:attachment":[{"href":"https:\/\/www.zurbrueggen.de\/magazin\/wp-json\/wp\/v2\/media?parent=2474"}],"wp:term":[{"taxonomy":"yst_prominent_words","embeddable":true,"href":"https:\/\/www.zurbrueggen.de\/magazin\/wp-json\/wp\/v2\/yst_prominent_words?post=2474"}],"curies":[{"name":"wp","href":"https:\/\/api.w.org\/{rel}","templated":true}]}}